{"id":330,"date":"2023-07-09T16:03:57","date_gmt":"2023-07-09T14:03:57","guid":{"rendered":"https:\/\/www.koching.se\/?page_id=330"},"modified":"2025-05-27T14:07:55","modified_gmt":"2025-05-27T12:07:55","slug":"min-bok","status":"publish","type":"page","link":"https:\/\/www.koching.se\/?page_id=330","title":{"rendered":"Min bok"},"content":{"rendered":"\t\t<div data-elementor-type=\"wp-page\" data-elementor-id=\"330\" class=\"elementor elementor-330\">\n\t\t\t\t<div class=\"elementor-element elementor-element-32348ac e-flex e-con-boxed e-con e-parent\" data-id=\"32348ac\" data-element_type=\"container\" data-e-type=\"container\">\n\t\t\t\t\t<div class=\"e-con-inner\">\n\t\t<div class=\"elementor-element elementor-element-ed3a8aa e-flex e-con-boxed e-con e-child\" data-id=\"ed3a8aa\" data-element_type=\"container\" data-e-type=\"container\">\n\t\t\t\t\t<div class=\"e-con-inner\">\n\t\t\t\t<div class=\"elementor-element elementor-element-a4720af elementor-widget-divider--view-line_text elementor-widget-divider--element-align-left elementor-widget elementor-widget-divider\" data-id=\"a4720af\" data-element_type=\"widget\" data-e-type=\"widget\" data-widget_type=\"divider.default\">\n\t\t\t\t<div class=\"elementor-widget-container\">\n\t\t\t\t\t\t\t<div class=\"elementor-divider\">\n\t\t\t<span class=\"elementor-divider-separator\">\n\t\t\t\t\t\t\t<h1 class=\"elementor-divider__text elementor-divider__element\">\n\t\t\t\tMin bok \"Din GPS f\u00f6r din personliga utveckling\"\t\t\t\t<\/h1>\n\t\t\t\t\t\t<\/span>\n\t\t<\/div>\n\t\t\t\t\t\t<\/div>\n\t\t\t\t<\/div>\n\t\t\t\t<div class=\"elementor-element elementor-element-ae143f5 elementor-widget elementor-widget-text-editor\" data-id=\"ae143f5\" data-element_type=\"widget\" data-e-type=\"widget\" data-widget_type=\"text-editor.default\">\n\t\t\t\t<div class=\"elementor-widget-container\">\n\t\t\t\t\t\t\t\t\t<h3 style=\"text-align: center;\">Min bok &#8221;Din GPS f\u00f6r din personliga utveckling&#8221;<\/h3><p>Boken tar upp hur du tar dig fr\u00e5n ditt nul\u00e4ge ett m\u00e5l som du sj\u00e4lv s\u00e4tter upp. Till din hj\u00e4lp f\u00e5r du ett antal verktyg som du sj\u00e4lv med enkelhet kan anv\u00e4nda dig av i din personliga utveckling. Anv\u00e4nder du dig av dessa verktyg kommer din personliga GPS att trimmas s\u00e5 att du n\u00e5r dina m\u00e5l!<\/p><p>Du kommer f\u00e5 tips om hur du kan coacha dig sj\u00e4lv minst tv\u00e5 g\u00e5nger om dagen.<\/p><p>Min bok tar upp hur du st\u00e4ller \u00f6ppna fr\u00e5gor till dig sj\u00e4lva, att s\u00e4tta upp SMART-m\u00e5l, hantering av med och motg\u00e5ngar, Goalmapping m.m.<\/p><p>Du kommer att f\u00e5 flera verktyg s\u00e5 att du n\u00e5r dina m\u00e5l och med det f\u00e5r framg\u00e5ngar.<\/p>\t\t\t\t\t\t\t\t<\/div>\n\t\t\t\t<\/div>\n\t\t\t\t<div class=\"elementor-element elementor-element-1f35574 elementor-widget elementor-widget-button\" data-id=\"1f35574\" data-element_type=\"widget\" data-e-type=\"widget\" data-widget_type=\"button.default\">\n\t\t\t\t<div class=\"elementor-widget-container\">\n\t\t\t\t\t\t\t\t\t<div class=\"elementor-button-wrapper\">\n\t\t\t\t\t<a class=\"elementor-button elementor-button-link elementor-size-sm\" href=\"https:\/\/bookboon.com\/sv\/din-gps-for-din-personliga-utveckling-ebook\" target=\"_blank\">\n\t\t\t\t\t\t<span class=\"elementor-button-content-wrapper\">\n\t\t\t\t\t\t\t\t\t<span class=\"elementor-button-text\">K\u00d6P MIN BOK H\u00c4R<\/span>\n\t\t\t\t\t<\/span>\n\t\t\t\t\t<\/a>\n\t\t\t\t<\/div>\n\t\t\t\t\t\t\t\t<\/div>\n\t\t\t\t<\/div>\n\t\t\t\t\t<\/div>\n\t\t\t\t<\/div>\n\t\t<div class=\"elementor-element elementor-element-5bf1ecb e-flex e-con-boxed e-con e-child\" data-id=\"5bf1ecb\" data-element_type=\"container\" data-e-type=\"container\">\n\t\t\t\t\t<div class=\"e-con-inner\">\n\t\t\t\t<div class=\"elementor-element elementor-element-05d47ab elementor-widget elementor-widget-image\" data-id=\"05d47ab\" data-element_type=\"widget\" data-e-type=\"widget\" data-widget_type=\"image.default\">\n\t\t\t\t<div class=\"elementor-widget-container\">\n\t\t\t\t\t\t\t\t\t\t\t\t\t\t\t<img fetchpriority=\"high\" decoding=\"async\" width=\"380\" height=\"538\" src=\"https:\/\/www.koching.se\/wp-content\/uploads\/2023\/07\/din-gps-for-din-personliga-utveckling.jpg\" class=\"attachment-medium_large size-medium_large wp-image-332\" alt=\"Min bok &quot;Din GPS f\u00f6r din personliga utveckling&quot;\" srcset=\"https:\/\/www.koching.se\/wp-content\/uploads\/2023\/07\/din-gps-for-din-personliga-utveckling.jpg 380w, https:\/\/www.koching.se\/wp-content\/uploads\/2023\/07\/din-gps-for-din-personliga-utveckling-212x300.jpg 212w\" sizes=\"(max-width: 380px) 100vw, 380px\" \/>\t\t\t\t\t\t\t\t\t\t\t\t\t\t\t<\/div>\n\t\t\t\t<\/div>\n\t\t\t\t\t<\/div>\n\t\t\t\t<\/div>\n\t\t\t\t\t<\/div>\n\t\t\t\t<\/div>\n\t\t<div class=\"elementor-element elementor-element-aa99a4f e-flex e-con-boxed e-con e-parent\" data-id=\"aa99a4f\" data-element_type=\"container\" data-e-type=\"container\">\n\t\t\t\t\t<div class=\"e-con-inner\">\n\t\t\t\t<div class=\"elementor-element elementor-element-a6c3ed0 elementor-widget elementor-widget-text-editor\" data-id=\"a6c3ed0\" data-element_type=\"widget\" data-e-type=\"widget\" data-widget_type=\"text-editor.default\">\n\t\t\t\t<div class=\"elementor-widget-container\">\n\t\t\t\t\t\t\t\t\t<p><img decoding=\"async\" class=\"aligncenter size-full wp-image-1142\" src=\"https:\/\/www.koching.se\/wp-content\/uploads\/2024\/10\/laweby-linkedin.png\" alt=\"Mikael Laweby p\u00e5 linkedin samt p\u00e5 Diploma Utbildning\" width=\"993\" height=\"308\" srcset=\"https:\/\/www.koching.se\/wp-content\/uploads\/2024\/10\/laweby-linkedin.png 993w, https:\/\/www.koching.se\/wp-content\/uploads\/2024\/10\/laweby-linkedin-300x93.png 300w, https:\/\/www.koching.se\/wp-content\/uploads\/2024\/10\/laweby-linkedin-768x238.png 768w\" sizes=\"(max-width: 993px) 100vw, 993px\" \/><\/p><h2 style=\"text-align: center;\"><strong>F\u00f6lj mig och Koching p\u00e5 sociala medier!\u00a0<\/strong><\/h2><p style=\"text-align: center;\"><strong><a href=\"https:\/\/www.linkedin.com\/in\/mikaellaweby\/\">Mikael Laweby p\u00e5 LinkedIn<\/a> \u2013 <a href=\"https:\/\/www.linkedin.com\/company\/koching-ab\/\">Koching p\u00e5 LinkedIn<\/a> \u2013 <a href=\"https:\/\/www.facebook.com\/profile.php?id=61568883440801\">Koching p\u00e5 Facebook<\/a> \u2013 <a href=\"https:\/\/www.instagram.com\/koching.se\/\">Koching p\u00e5 Instagram<\/a> \u2013 <a href=\"https:\/\/www.youtube.com\/@mikaellawebykoching4758\">Koching p\u00e5 Youtube\u00a0<\/a><\/strong><\/p><p style=\"text-align: center;\">Du kan \u00e4ven\u00a0<strong><a href=\"https:\/\/www.koching.se\/?page_id=254\">kontakta mig<\/a>\u00a0<\/strong>samt best\u00e4lla boken\u00a0<strong><a href=\"https:\/\/kurs.koching.se\/att-leda\">Att leda \u2013 Fr\u00e5n insikt till handling<\/a><\/strong>\u00a0och boken\u00a0<a href=\"https:\/\/www.koching.se\/?page_id=330\"><strong>Din GPS f\u00f6r personlig utveckling<\/strong><\/a>\u00a0direkt fr\u00e5n mig.<\/p>\t\t\t\t\t\t\t\t<\/div>\n\t\t\t\t<\/div>\n\t\t\t\t\t<\/div>\n\t\t\t\t<\/div>\n\t\t<div class=\"elementor-element elementor-element-b21d561 e-flex e-con-boxed e-con e-parent\" data-id=\"b21d561\" data-element_type=\"container\" data-e-type=\"container\">\n\t\t\t\t\t<div class=\"e-con-inner\">\n\t\t\t\t<div class=\"elementor-element elementor-element-1cb64e6 elementor-widget elementor-widget-text-editor\" data-id=\"1cb64e6\" data-element_type=\"widget\" data-e-type=\"widget\" data-widget_type=\"text-editor.default\">\n\t\t\t\t<div class=\"elementor-widget-container\">\n\t\t\t\t\t\t\t\t\t<p class=\"elementor-image-box-description\" style=\"text-align: center;\"><em>&#8221;Mikael \u00e4r strukturerad och inger f\u00f6rtroende. Han \u00e4r \u00f6vertygande och visar ett stort \u201ddriv\u201d och intresse f\u00f6r m\u00e4nniskor. En av hans styrkor \u00e4r att skapa team och driva fr\u00e5gor i teamet. Som min r\u00e5dgivare och medlem i ledningsgruppen l\u00f6ser han problem genom att ge professionella r\u00e5d. Hans absoluta styrka \u00e4r att f\u00f6rst\u00e5 och ta tillvara p\u00e5 de m\u00f6jligheter som finns, g\u00f6ra en taktisk\/strategisk\/operativ plan och f\u00f6lja upp den.&#8221;<\/em><\/p><p class=\"elementor-image-box-title\" style=\"text-align: center;\"><strong>Isabella Liljestr\u00f6m &#8211; Director HRM BPO, Logica Sverige AB<\/strong><\/p><p class=\"elementor-image-box-description\" style=\"color: var( --e-global-color-text ); margin: 0px; text-align: center;\">&#8221;Mitt namn \u00e4r Klaus Bitschnau jag \u00e4r entrepren\u00f6r. Jag kan varmt rekommendera Mikaels tj\u00e4nster. Han har hj\u00e4lpt och coachat mig runt whiskykalendern.se fortsatta resa och utveckling samt med mitt Whiskysnack med internationella g\u00e4ster, som jag k\u00f6r online p\u00e5 tisdagar 19:00. Mikael har en fantastisk energi och klarsynthet som g\u00f6r att han f\u00e5r dig att g\u00e5 \u00e5t r\u00e4tt h\u00e5ll. Jag ser fram emot fortsatta samtal och id\u00e9utbyten f\u00f6r att utveckla mig personligen och mina nuvarande och kommande projekt.&#8221;<\/p><p class=\"elementor-image-box-title\" style=\"font-family: var( --e-global-typography-primary-font-family ), Sans-serif; font-weight: var( --e-global-typography-primary-font-weight ); text-align: center;\"><strong>Klaus Bitschnau<\/strong><\/p>\t\t\t\t\t\t\t\t<\/div>\n\t\t\t\t<\/div>\n\t\t\t\t\t<\/div>\n\t\t\t\t<\/div>\n\t\t\t\t<\/div>\n\t\t","protected":false},"excerpt":{"rendered":"<p>Min bok &#8221;Din GPS f\u00f6r din personliga utveckling&#8221; Min bok &#8221;Din GPS f\u00f6r din personliga utveckling&#8221; Boken tar upp hur du tar dig fr\u00e5n ditt nul\u00e4ge ett m\u00e5l som du sj\u00e4lv s\u00e4tter upp. Till din hj\u00e4lp f\u00e5r du ett antal verktyg som du sj\u00e4lv med enkelhet kan anv\u00e4nda dig av i din personliga utveckling. Anv\u00e4nder [&hellip;]<\/p>\n","protected":false},"author":1,"featured_media":0,"parent":0,"menu_order":0,"comment_status":"closed","ping_status":"closed","template":"elementor_header_footer","meta":{"footnotes":""},"class_list":["post-330","page","type-page","status-publish","hentry"],"yoast_head":"<!-- This site is optimized with the Yoast SEO plugin v27.3 - https:\/\/yoast.com\/product\/yoast-seo-wordpress\/ -->\n<title>Min bok - Koching<\/title>\n<meta name=\"description\" content=\"Min bok \u201dDin GPS f\u00f6r din personliga utveckling\u201d ger dig flera effektiva verktyg s\u00e5 att du n\u00e5r dina m\u00e5l och med det f\u00e5r framg\u00e5ng!\" \/>\n<meta name=\"robots\" content=\"index, follow, max-snippet:-1, max-image-preview:large, max-video-preview:-1\" \/>\n<link rel=\"canonical\" href=\"https:\/\/www.koching.se\/?page_id=330\" \/>\n<meta property=\"og:locale\" content=\"sv_SE\" \/>\n<meta property=\"og:type\" content=\"article\" \/>\n<meta property=\"og:title\" content=\"Min bok - Koching\" \/>\n<meta property=\"og:description\" content=\"Min bok \u201dDin GPS f\u00f6r din personliga utveckling\u201d ger dig flera effektiva verktyg s\u00e5 att du n\u00e5r dina m\u00e5l och med det f\u00e5r framg\u00e5ng!\" \/>\n<meta property=\"og:url\" content=\"https:\/\/www.koching.se\/?page_id=330\" \/>\n<meta property=\"og:site_name\" content=\"Koching\" \/>\n<meta property=\"article:publisher\" content=\"https:\/\/www.facebook.com\/koching.4.personlig.utveckling\" \/>\n<meta property=\"article:modified_time\" content=\"2025-05-27T12:07:55+00:00\" \/>\n<meta property=\"og:image\" content=\"https:\/\/www.koching.se\/wp-content\/uploads\/2023\/07\/din-gps-for-din-personliga-utveckling.jpg\" \/>\n<meta name=\"twitter:card\" content=\"summary_large_image\" \/>\n<meta name=\"twitter:label1\" content=\"Ber\u00e4knad l\u00e4stid\" \/>\n\t<meta name=\"twitter:data1\" content=\"3 minuter\" \/>\n<script type=\"application\/ld+json\" class=\"yoast-schema-graph\">{\"@context\":\"https:\\\/\\\/schema.org\",\"@graph\":[{\"@type\":\"WebPage\",\"@id\":\"https:\\\/\\\/www.koching.se\\\/?page_id=330\",\"url\":\"https:\\\/\\\/www.koching.se\\\/?page_id=330\",\"name\":\"Min bok - Koching\",\"isPartOf\":{\"@id\":\"https:\\\/\\\/www.koching.se\\\/#website\"},\"primaryImageOfPage\":{\"@id\":\"https:\\\/\\\/www.koching.se\\\/?page_id=330#primaryimage\"},\"image\":{\"@id\":\"https:\\\/\\\/www.koching.se\\\/?page_id=330#primaryimage\"},\"thumbnailUrl\":\"https:\\\/\\\/www.koching.se\\\/wp-content\\\/uploads\\\/2023\\\/07\\\/din-gps-for-din-personliga-utveckling.jpg\",\"datePublished\":\"2023-07-09T14:03:57+00:00\",\"dateModified\":\"2025-05-27T12:07:55+00:00\",\"description\":\"Min bok \u201dDin GPS f\u00f6r din personliga utveckling\u201d ger dig flera effektiva verktyg s\u00e5 att du n\u00e5r dina m\u00e5l och med det f\u00e5r framg\u00e5ng!\",\"breadcrumb\":{\"@id\":\"https:\\\/\\\/www.koching.se\\\/?page_id=330#breadcrumb\"},\"inLanguage\":\"sv-SE\",\"potentialAction\":[{\"@type\":\"ReadAction\",\"target\":[\"https:\\\/\\\/www.koching.se\\\/?page_id=330\"]}]},{\"@type\":\"ImageObject\",\"inLanguage\":\"sv-SE\",\"@id\":\"https:\\\/\\\/www.koching.se\\\/?page_id=330#primaryimage\",\"url\":\"https:\\\/\\\/www.koching.se\\\/wp-content\\\/uploads\\\/2023\\\/07\\\/din-gps-for-din-personliga-utveckling.jpg\",\"contentUrl\":\"https:\\\/\\\/www.koching.se\\\/wp-content\\\/uploads\\\/2023\\\/07\\\/din-gps-for-din-personliga-utveckling.jpg\",\"width\":380,\"height\":538,\"caption\":\"Min bok \\\"Din GPS f\u00f6r din personliga utveckling\\\"\"},{\"@type\":\"BreadcrumbList\",\"@id\":\"https:\\\/\\\/www.koching.se\\\/?page_id=330#breadcrumb\",\"itemListElement\":[{\"@type\":\"ListItem\",\"position\":1,\"name\":\"Hem\",\"item\":\"https:\\\/\\\/www.koching.se\\\/\"},{\"@type\":\"ListItem\",\"position\":2,\"name\":\"Min bok\"}]},{\"@type\":\"WebSite\",\"@id\":\"https:\\\/\\\/www.koching.se\\\/#website\",\"url\":\"https:\\\/\\\/www.koching.se\\\/\",\"name\":\"Koching AB\",\"description\":\"\",\"publisher\":{\"@id\":\"https:\\\/\\\/www.koching.se\\\/#organization\"},\"potentialAction\":[{\"@type\":\"SearchAction\",\"target\":{\"@type\":\"EntryPoint\",\"urlTemplate\":\"https:\\\/\\\/www.koching.se\\\/?s={search_term_string}\"},\"query-input\":{\"@type\":\"PropertyValueSpecification\",\"valueRequired\":true,\"valueName\":\"search_term_string\"}}],\"inLanguage\":\"sv-SE\"},{\"@type\":\"Organization\",\"@id\":\"https:\\\/\\\/www.koching.se\\\/#organization\",\"name\":\"Koching AB\",\"url\":\"https:\\\/\\\/www.koching.se\\\/\",\"logo\":{\"@type\":\"ImageObject\",\"inLanguage\":\"sv-SE\",\"@id\":\"https:\\\/\\\/www.koching.se\\\/#\\\/schema\\\/logo\\\/image\\\/\",\"url\":\"https:\\\/\\\/www.koching.se\\\/wp-content\\\/uploads\\\/2023\\\/07\\\/site_logo.png\",\"contentUrl\":\"https:\\\/\\\/www.koching.se\\\/wp-content\\\/uploads\\\/2023\\\/07\\\/site_logo.png\",\"width\":1200,\"height\":352,\"caption\":\"Koching AB\"},\"image\":{\"@id\":\"https:\\\/\\\/www.koching.se\\\/#\\\/schema\\\/logo\\\/image\\\/\"},\"sameAs\":[\"https:\\\/\\\/www.facebook.com\\\/koching.4.personlig.utveckling\",\"https:\\\/\\\/www.linkedin.com\\\/company\\\/koching-ab\"]}]}<\/script>\n<!-- \/ Yoast SEO plugin. -->","yoast_head_json":{"title":"Min bok - Koching","description":"Min bok \u201dDin GPS f\u00f6r din personliga utveckling\u201d ger dig flera effektiva verktyg s\u00e5 att du n\u00e5r dina m\u00e5l och med det f\u00e5r framg\u00e5ng!","robots":{"index":"index","follow":"follow","max-snippet":"max-snippet:-1","max-image-preview":"max-image-preview:large","max-video-preview":"max-video-preview:-1"},"canonical":"https:\/\/www.koching.se\/?page_id=330","og_locale":"sv_SE","og_type":"article","og_title":"Min bok - Koching","og_description":"Min bok \u201dDin GPS f\u00f6r din personliga utveckling\u201d ger dig flera effektiva verktyg s\u00e5 att du n\u00e5r dina m\u00e5l och med det f\u00e5r framg\u00e5ng!","og_url":"https:\/\/www.koching.se\/?page_id=330","og_site_name":"Koching","article_publisher":"https:\/\/www.facebook.com\/koching.4.personlig.utveckling","article_modified_time":"2025-05-27T12:07:55+00:00","og_image":[{"url":"https:\/\/www.koching.se\/wp-content\/uploads\/2023\/07\/din-gps-for-din-personliga-utveckling.jpg","type":"","width":"","height":""}],"twitter_card":"summary_large_image","twitter_misc":{"Ber\u00e4knad l\u00e4stid":"3 minuter"},"schema":{"@context":"https:\/\/schema.org","@graph":[{"@type":"WebPage","@id":"https:\/\/www.koching.se\/?page_id=330","url":"https:\/\/www.koching.se\/?page_id=330","name":"Min bok - Koching","isPartOf":{"@id":"https:\/\/www.koching.se\/#website"},"primaryImageOfPage":{"@id":"https:\/\/www.koching.se\/?page_id=330#primaryimage"},"image":{"@id":"https:\/\/www.koching.se\/?page_id=330#primaryimage"},"thumbnailUrl":"https:\/\/www.koching.se\/wp-content\/uploads\/2023\/07\/din-gps-for-din-personliga-utveckling.jpg","datePublished":"2023-07-09T14:03:57+00:00","dateModified":"2025-05-27T12:07:55+00:00","description":"Min bok \u201dDin GPS f\u00f6r din personliga utveckling\u201d ger dig flera effektiva verktyg s\u00e5 att du n\u00e5r dina m\u00e5l och med det f\u00e5r framg\u00e5ng!","breadcrumb":{"@id":"https:\/\/www.koching.se\/?page_id=330#breadcrumb"},"inLanguage":"sv-SE","potentialAction":[{"@type":"ReadAction","target":["https:\/\/www.koching.se\/?page_id=330"]}]},{"@type":"ImageObject","inLanguage":"sv-SE","@id":"https:\/\/www.koching.se\/?page_id=330#primaryimage","url":"https:\/\/www.koching.se\/wp-content\/uploads\/2023\/07\/din-gps-for-din-personliga-utveckling.jpg","contentUrl":"https:\/\/www.koching.se\/wp-content\/uploads\/2023\/07\/din-gps-for-din-personliga-utveckling.jpg","width":380,"height":538,"caption":"Min bok \"Din GPS f\u00f6r din personliga utveckling\""},{"@type":"BreadcrumbList","@id":"https:\/\/www.koching.se\/?page_id=330#breadcrumb","itemListElement":[{"@type":"ListItem","position":1,"name":"Hem","item":"https:\/\/www.koching.se\/"},{"@type":"ListItem","position":2,"name":"Min bok"}]},{"@type":"WebSite","@id":"https:\/\/www.koching.se\/#website","url":"https:\/\/www.koching.se\/","name":"Koching AB","description":"","publisher":{"@id":"https:\/\/www.koching.se\/#organization"},"potentialAction":[{"@type":"SearchAction","target":{"@type":"EntryPoint","urlTemplate":"https:\/\/www.koching.se\/?s={search_term_string}"},"query-input":{"@type":"PropertyValueSpecification","valueRequired":true,"valueName":"search_term_string"}}],"inLanguage":"sv-SE"},{"@type":"Organization","@id":"https:\/\/www.koching.se\/#organization","name":"Koching AB","url":"https:\/\/www.koching.se\/","logo":{"@type":"ImageObject","inLanguage":"sv-SE","@id":"https:\/\/www.koching.se\/#\/schema\/logo\/image\/","url":"https:\/\/www.koching.se\/wp-content\/uploads\/2023\/07\/site_logo.png","contentUrl":"https:\/\/www.koching.se\/wp-content\/uploads\/2023\/07\/site_logo.png","width":1200,"height":352,"caption":"Koching AB"},"image":{"@id":"https:\/\/www.koching.se\/#\/schema\/logo\/image\/"},"sameAs":["https:\/\/www.facebook.com\/koching.4.personlig.utveckling","https:\/\/www.linkedin.com\/company\/koching-ab"]}]}},"_links":{"self":[{"href":"https:\/\/www.koching.se\/index.php?rest_route=\/wp\/v2\/pages\/330","targetHints":{"allow":["GET"]}}],"collection":[{"href":"https:\/\/www.koching.se\/index.php?rest_route=\/wp\/v2\/pages"}],"about":[{"href":"https:\/\/www.koching.se\/index.php?rest_route=\/wp\/v2\/types\/page"}],"author":[{"embeddable":true,"href":"https:\/\/www.koching.se\/index.php?rest_route=\/wp\/v2\/users\/1"}],"replies":[{"embeddable":true,"href":"https:\/\/www.koching.se\/index.php?rest_route=%2Fwp%2Fv2%2Fcomments&post=330"}],"version-history":[{"count":61,"href":"https:\/\/www.koching.se\/index.php?rest_route=\/wp\/v2\/pages\/330\/revisions"}],"predecessor-version":[{"id":1605,"href":"https:\/\/www.koching.se\/index.php?rest_route=\/wp\/v2\/pages\/330\/revisions\/1605"}],"wp:attachment":[{"href":"https:\/\/www.koching.se\/index.php?rest_route=%2Fwp%2Fv2%2Fmedia&parent=330"}],"curies":[{"name":"wp","href":"https:\/\/api.w.org\/{rel}","templated":true}]}}