{"id":254,"date":"2023-07-09T14:46:03","date_gmt":"2023-07-09T12:46:03","guid":{"rendered":"https:\/\/www.koching.se\/?page_id=254"},"modified":"2025-05-27T14:06:14","modified_gmt":"2025-05-27T12:06:14","slug":"kontakta-mig","status":"publish","type":"page","link":"https:\/\/www.koching.se\/?page_id=254","title":{"rendered":"Kontakta Koching"},"content":{"rendered":"\t\t<div data-elementor-type=\"wp-page\" data-elementor-id=\"254\" class=\"elementor elementor-254\">\n\t\t\t\t<div class=\"elementor-element elementor-element-8ec2192 e-flex e-con-boxed e-con e-parent\" data-id=\"8ec2192\" data-element_type=\"container\" data-e-type=\"container\">\n\t\t\t\t\t<div class=\"e-con-inner\">\n\t\t<div class=\"elementor-element elementor-element-59c4f72 e-flex e-con-boxed e-con e-child\" data-id=\"59c4f72\" data-element_type=\"container\" data-e-type=\"container\">\n\t\t\t\t\t<div class=\"e-con-inner\">\n\t\t<div class=\"elementor-element elementor-element-e3a49ea e-con-full e-flex e-con e-child\" data-id=\"e3a49ea\" data-element_type=\"container\" data-e-type=\"container\">\n\t\t\t\t<div class=\"elementor-element elementor-element-8d0414f elementor-widget elementor-widget-heading\" data-id=\"8d0414f\" data-element_type=\"widget\" data-e-type=\"widget\" data-widget_type=\"heading.default\">\n\t\t\t\t<div class=\"elementor-widget-container\">\n\t\t\t\t\t<h1 class=\"elementor-heading-title elementor-size-default\">Kontakta Koching<\/h1>\t\t\t\t<\/div>\n\t\t\t\t<\/div>\n\t\t\t\t<div class=\"elementor-element elementor-element-8fb55e6 elementor-widget elementor-widget-text-editor\" data-id=\"8fb55e6\" data-element_type=\"widget\" data-e-type=\"widget\" data-widget_type=\"text-editor.default\">\n\t\t\t\t<div class=\"elementor-widget-container\">\n\t\t\t\t\t\t\t\t\t<p><strong>Skicka ett meddelande till mig idag<\/strong><\/p>\t\t\t\t\t\t\t\t<\/div>\n\t\t\t\t<\/div>\n\t\t\t\t<div class=\"elementor-element elementor-element-f6d303d elementor-widget elementor-widget-text-editor\" data-id=\"f6d303d\" data-element_type=\"widget\" data-e-type=\"widget\" data-widget_type=\"text-editor.default\">\n\t\t\t\t<div class=\"elementor-widget-container\">\n\t\t\t\t\t\t\t\t\t<p>Kontakta Koching genom att skicka ett meddelande direkt via formul\u00e4ret h\u00e4r p\u00e5 sidan. Du kan ocks\u00e5 n\u00e5 oss genom kontaktuppgifterna nedan. Jag hj\u00e4lper dig g\u00e4rna med dina fr\u00e5gor och kommer att svara s\u00e5 snart som m\u00f6jligt. Ha en fortsatt fin dag! Med v\u00e4nlig h\u00e4lsning Mikael Laweby<\/p>\t\t\t\t\t\t\t\t<\/div>\n\t\t\t\t<\/div>\n\t\t\t\t<div class=\"elementor-element elementor-element-8de8a1e elementor-icon-list--layout-traditional elementor-list-item-link-full_width elementor-widget elementor-widget-icon-list\" data-id=\"8de8a1e\" data-element_type=\"widget\" data-e-type=\"widget\" data-widget_type=\"icon-list.default\">\n\t\t\t\t<div class=\"elementor-widget-container\">\n\t\t\t\t\t\t\t<ul class=\"elementor-icon-list-items\">\n\t\t\t\t\t\t\t<li class=\"elementor-icon-list-item\">\n\t\t\t\t\t\t\t\t\t\t\t<a href=\"mailto:mikael.laweby@koching.se\">\n\n\t\t\t\t\t\t\t\t\t\t\t\t<span class=\"elementor-icon-list-icon\">\n\t\t\t\t\t\t\t<i aria-hidden=\"true\" class=\"fas fa-envelope\"><\/i>\t\t\t\t\t\t<\/span>\n\t\t\t\t\t\t\t\t\t\t<span class=\"elementor-icon-list-text\">mikael.laweby@koching.se<\/span>\n\t\t\t\t\t\t\t\t\t\t\t<\/a>\n\t\t\t\t\t\t\t\t\t<\/li>\n\t\t\t\t\t\t\t\t<li class=\"elementor-icon-list-item\">\n\t\t\t\t\t\t\t\t\t\t\t<a href=\"\">\n\n\t\t\t\t\t\t\t\t\t\t\t\t<span class=\"elementor-icon-list-icon\">\n\t\t\t\t\t\t\t<i aria-hidden=\"true\" class=\"fas fa-phone-alt\"><\/i>\t\t\t\t\t\t<\/span>\n\t\t\t\t\t\t\t\t\t\t<span class=\"elementor-icon-list-text\">+46 (0)734 15 65 14<\/span>\n\t\t\t\t\t\t\t\t\t\t\t<\/a>\n\t\t\t\t\t\t\t\t\t<\/li>\n\t\t\t\t\t\t<\/ul>\n\t\t\t\t\t\t<\/div>\n\t\t\t\t<\/div>\n\t\t\t\t<\/div>\n\t\t<div class=\"elementor-element elementor-element-a2c0f29 e-flex e-con-boxed e-con e-child\" data-id=\"a2c0f29\" data-element_type=\"container\" data-e-type=\"container\">\n\t\t\t\t\t<div class=\"e-con-inner\">\n\t\t\t\t<div class=\"elementor-element elementor-element-c51d590 elementor-widget elementor-widget-image\" data-id=\"c51d590\" data-element_type=\"widget\" data-e-type=\"widget\" data-widget_type=\"image.default\">\n\t\t\t\t<div class=\"elementor-widget-container\">\n\t\t\t\t\t\t\t\t\t\t\t\t\t\t\t<img fetchpriority=\"high\" decoding=\"async\" width=\"512\" height=\"342\" src=\"https:\/\/www.koching.se\/wp-content\/uploads\/2023\/07\/mik-img_9716.jpg\" class=\"attachment-large size-large wp-image-315\" alt=\"Kontakta Koching - Mikael Laweby\" srcset=\"https:\/\/www.koching.se\/wp-content\/uploads\/2023\/07\/mik-img_9716.jpg 512w, https:\/\/www.koching.se\/wp-content\/uploads\/2023\/07\/mik-img_9716-300x200.jpg 300w\" sizes=\"(max-width: 512px) 100vw, 512px\" \/>\t\t\t\t\t\t\t\t\t\t\t\t\t\t\t<\/div>\n\t\t\t\t<\/div>\n\t\t\t\t\t<\/div>\n\t\t\t\t<\/div>\n\t\t\t\t\t<\/div>\n\t\t\t\t<\/div>\n\t\t<div class=\"elementor-element elementor-element-d8611e2 e-flex e-con-boxed e-con e-child\" data-id=\"d8611e2\" data-element_type=\"container\" data-e-type=\"container\">\n\t\t\t\t\t<div class=\"e-con-inner\">\n\t\t\t\t<div class=\"elementor-element elementor-element-350aebd elementor-widget__width-initial elementor-widget elementor-widget-html\" data-id=\"350aebd\" data-element_type=\"widget\" data-e-type=\"widget\" data-widget_type=\"html.default\">\n\t\t\t\t<div class=\"elementor-widget-container\">\n\t\t\t\t\t<!-- Google Calendar Appointment Scheduling begin -->\n<iframe src=\"https:\/\/calendar.google.com\/calendar\/appointments\/AcZssZ1IAy4WsZQRSILyqnNxQOFPVqEGrrDPdB9SK8E=?gv=true\" style=\"border: 0\" width=\"100%\" height=\"900\" frameborder=\"0\"><\/iframe>\n<!-- end Google Calendar Appointment Scheduling -->\t\t\t\t<\/div>\n\t\t\t\t<\/div>\n\t\t\t\t\t<\/div>\n\t\t\t\t<\/div>\n\t\t\t\t\t<\/div>\n\t\t\t\t<\/div>\n\t\t<div class=\"elementor-element elementor-element-573d3f0 e-flex e-con-boxed e-con e-parent\" data-id=\"573d3f0\" data-element_type=\"container\" data-e-type=\"container\">\n\t\t\t\t\t<div class=\"e-con-inner\">\n\t\t\t\t<div class=\"elementor-element elementor-element-8df108a elementor-widget elementor-widget-text-editor\" data-id=\"8df108a\" data-element_type=\"widget\" data-e-type=\"widget\" data-widget_type=\"text-editor.default\">\n\t\t\t\t<div class=\"elementor-widget-container\">\n\t\t\t\t\t\t\t\t\t<h3 style=\"text-align: center;\"><strong>H\u00e4r kommer n\u00e5gra kundcitat fr\u00e5n f\u00f6retag som valt att kontakta Koching<\/strong><\/h3><p class=\"elementor-image-box-description\" style=\"color: var( --e-global-color-text ); margin: 0px; text-align: center;\">&#8221;Mikael har med sitt lugn, tydlighet och kompetens framg\u00e5ngsrikt avlastat mig i rollen som personalchef genom att bla leverera en uppdaterad och v\u00e4l fungerande l\u00f6nesystem databas, outsourcad l\u00f6neberedning samt uppstyrda processer och rutiner. Vi har arbetat med m\u00e5ls\u00e4ttningen att \u00f6ka effektivitet och automation i l\u00f6neprocessen, vilket vi lyckats med. Efter en period av felaktiga l\u00f6neber\u00e4kningar och systemproblem anlitade vi Mikael Laweby som projektledare f\u00f6r tv\u00e5 saker; att p\u00e5 kort sikt s\u00e4kerst\u00e4lla r\u00e4tt l\u00f6n i r\u00e4tt tid genom bla rotorsaksanalyser och korrigeringar samt p\u00e5 l\u00e4ngre sikt bygga en ny databas f\u00f6r att s\u00e4kerst\u00e4lla korrekta l\u00f6neber\u00e4kningar. Med st\u00f6d av interna och hj\u00e4lp av externa leverant\u00f6rer f\u00f6r l\u00f6neberedning, systemprogrammering har Mikael i en mycket komplex och komplicerad situation med sitt lugn och kompetens levererat inte bara en korrekt l\u00f6n under projekttiden utan ocks\u00e5 den nya uppdaterade l\u00f6ne systemsupps\u00e4ttning p\u00e5 tid och inom angivna ramar.&#8221;<\/p><p class=\"elementor-image-box-title\" style=\"font-family: var( --e-global-typography-primary-font-family ), Sans-serif; font-weight: var( --e-global-typography-primary-font-weight ); text-align: center;\"><strong>Viveca Lindberg &#8211; fd HR Manager Nordics<\/strong><\/p><p class=\"elementor-image-box-description\" style=\"text-align: center;\">&#8221;Efter att ha tr\u00e4ffat Mikael via olika aff\u00e4rsn\u00e4tverk och l\u00e4rt k\u00e4nna honom v\u00e4l i sin yrkesroll som coach och DISC-expert kan jag varmt rekommendera hans tj\u00e4nster. Vi p\u00e5 PLW Elteknik har under v\u00e5ren inlett ett mycket givande samarbete med Koching och Mikael Laweby d\u00e4r han analyserar v\u00e5ra DISC-profiler och ger oss ett anpassat fr\u00e5gebatteri inf\u00f6r rekryteringar och m\u00f6ten med kandidater. Mikael har en fantastisk f\u00f6rm\u00e5ga att dra fram viktiga aspekter fr\u00e5n den omfattande DISC-profilen och kondensera ner den till ett antal viktiga och anpassade fr\u00e5gor som vi anv\u00e4nder under v\u00e5ra intervjuer och som blir ett viktigt verktyg. Anv\u00e4nder \u00e4ven ni i ert f\u00f6retag DISC-analysen som ett diskussionsunderlag vid rekryteringar s\u00e5 rekommenderar jag er att kontakta Koching s\u00e5 hj\u00e4lper Mikael er med analysen innan intervjun!&#8221;<\/p><p class=\"elementor-image-box-title\" style=\"text-align: center;\"><strong>Michael Wid\u00e9n &#8211; avdelningschef och marknadschef p\u00e5 PLW Elteknik<\/strong><\/p><p><img decoding=\"async\" class=\"aligncenter size-full wp-image-1142\" src=\"https:\/\/www.koching.se\/wp-content\/uploads\/2024\/10\/laweby-linkedin.png\" alt=\"Mikael Laweby p\u00e5 linkedin samt p\u00e5 Diploma Utbildning\" width=\"993\" height=\"308\" srcset=\"https:\/\/www.koching.se\/wp-content\/uploads\/2024\/10\/laweby-linkedin.png 993w, https:\/\/www.koching.se\/wp-content\/uploads\/2024\/10\/laweby-linkedin-300x93.png 300w, https:\/\/www.koching.se\/wp-content\/uploads\/2024\/10\/laweby-linkedin-768x238.png 768w\" sizes=\"(max-width: 993px) 100vw, 993px\" \/><\/p><h2 style=\"text-align: center;\"><strong>F\u00f6lj mig och Koching p\u00e5 sociala medier!\u00a0<\/strong><\/h2><p style=\"text-align: center;\"><strong><a href=\"https:\/\/www.linkedin.com\/in\/mikaellaweby\/\">Mikael Laweby p\u00e5 LinkedIn<\/a> \u2013 <a href=\"https:\/\/www.linkedin.com\/company\/koching-ab\/\">Koching p\u00e5 LinkedIn<\/a> \u2013 <a href=\"https:\/\/www.facebook.com\/profile.php?id=61568883440801\">Koching p\u00e5 Facebook<\/a> \u2013 <a href=\"https:\/\/www.instagram.com\/koching.se\/\">Koching p\u00e5 Instagram<\/a> \u2013 <a href=\"https:\/\/www.youtube.com\/@mikaellawebykoching4758\">Koching p\u00e5 Youtube\u00a0<\/a><\/strong><\/p><p style=\"text-align: center;\">Du kan \u00e4ven\u00a0<strong><a href=\"https:\/\/www.koching.se\/?page_id=254\">kontakta mig<\/a>\u00a0<\/strong>samt best\u00e4lla boken\u00a0<strong><a href=\"https:\/\/kurs.koching.se\/att-leda\">Att leda \u2013 Fr\u00e5n insikt till handling<\/a><\/strong>\u00a0och boken\u00a0<a href=\"https:\/\/www.koching.se\/?page_id=330\"><strong>Din GPS f\u00f6r personlig utveckling<\/strong><\/a>\u00a0direkt fr\u00e5n mig.<\/p>\t\t\t\t\t\t\t\t<\/div>\n\t\t\t\t<\/div>\n\t\t\t\t\t<\/div>\n\t\t\t\t<\/div>\n\t\t\t\t<\/div>\n\t\t","protected":false},"excerpt":{"rendered":"<p>Kontakta Koching Skicka ett meddelande till mig idag Kontakta Koching genom att skicka ett meddelande direkt via formul\u00e4ret h\u00e4r p\u00e5 sidan. Du kan ocks\u00e5 n\u00e5 oss genom kontaktuppgifterna nedan. Jag hj\u00e4lper dig g\u00e4rna med dina fr\u00e5gor och kommer att svara s\u00e5 snart som m\u00f6jligt. Ha en fortsatt fin dag! Med v\u00e4nlig h\u00e4lsning Mikael Laweby mikael.laweby@koching.se [&hellip;]<\/p>\n","protected":false},"author":1,"featured_media":0,"parent":0,"menu_order":0,"comment_status":"closed","ping_status":"closed","template":"elementor_header_footer","meta":{"footnotes":""},"class_list":["post-254","page","type-page","status-publish","hentry"],"yoast_head":"<!-- This site is optimized with the Yoast SEO plugin v27.3 - https:\/\/yoast.com\/product\/yoast-seo-wordpress\/ -->\n<title>Kontakta Koching - Koching<\/title>\n<meta name=\"description\" content=\"Kontakta Koching - Jag hj\u00e4lper dig med att du ska n\u00e5 dina personliga m\u00e5l med coaching, individuellt eller i grupp.\" \/>\n<meta name=\"robots\" content=\"index, follow, max-snippet:-1, max-image-preview:large, max-video-preview:-1\" \/>\n<link rel=\"canonical\" href=\"https:\/\/www.koching.se\/?page_id=254\" \/>\n<meta property=\"og:locale\" content=\"sv_SE\" \/>\n<meta property=\"og:type\" content=\"article\" \/>\n<meta property=\"og:title\" content=\"Kontakta Koching - Koching\" \/>\n<meta property=\"og:description\" content=\"Kontakta Koching - Jag hj\u00e4lper dig med att du ska n\u00e5 dina personliga m\u00e5l med coaching, individuellt eller i grupp.\" \/>\n<meta property=\"og:url\" content=\"https:\/\/www.koching.se\/?page_id=254\" \/>\n<meta property=\"og:site_name\" content=\"Koching\" \/>\n<meta property=\"article:publisher\" content=\"https:\/\/www.facebook.com\/koching.4.personlig.utveckling\" \/>\n<meta property=\"article:modified_time\" content=\"2025-05-27T12:06:14+00:00\" \/>\n<meta property=\"og:image\" content=\"https:\/\/www.koching.se\/wp-content\/uploads\/2023\/07\/mik-img_9716.jpg\" \/>\n<meta name=\"twitter:card\" content=\"summary_large_image\" \/>\n<script type=\"application\/ld+json\" class=\"yoast-schema-graph\">{\"@context\":\"https:\\\/\\\/schema.org\",\"@graph\":[{\"@type\":\"WebPage\",\"@id\":\"https:\\\/\\\/www.koching.se\\\/?page_id=254\",\"url\":\"https:\\\/\\\/www.koching.se\\\/?page_id=254\",\"name\":\"Kontakta Koching - Koching\",\"isPartOf\":{\"@id\":\"https:\\\/\\\/www.koching.se\\\/#website\"},\"primaryImageOfPage\":{\"@id\":\"https:\\\/\\\/www.koching.se\\\/?page_id=254#primaryimage\"},\"image\":{\"@id\":\"https:\\\/\\\/www.koching.se\\\/?page_id=254#primaryimage\"},\"thumbnailUrl\":\"https:\\\/\\\/www.koching.se\\\/wp-content\\\/uploads\\\/2023\\\/07\\\/mik-img_9716.jpg\",\"datePublished\":\"2023-07-09T12:46:03+00:00\",\"dateModified\":\"2025-05-27T12:06:14+00:00\",\"description\":\"Kontakta Koching - Jag hj\u00e4lper dig med att du ska n\u00e5 dina personliga m\u00e5l med coaching, individuellt eller i grupp.\",\"breadcrumb\":{\"@id\":\"https:\\\/\\\/www.koching.se\\\/?page_id=254#breadcrumb\"},\"inLanguage\":\"sv-SE\",\"potentialAction\":[{\"@type\":\"ReadAction\",\"target\":[\"https:\\\/\\\/www.koching.se\\\/?page_id=254\"]}]},{\"@type\":\"ImageObject\",\"inLanguage\":\"sv-SE\",\"@id\":\"https:\\\/\\\/www.koching.se\\\/?page_id=254#primaryimage\",\"url\":\"https:\\\/\\\/www.koching.se\\\/wp-content\\\/uploads\\\/2023\\\/07\\\/mik-img_9716.jpg\",\"contentUrl\":\"https:\\\/\\\/www.koching.se\\\/wp-content\\\/uploads\\\/2023\\\/07\\\/mik-img_9716.jpg\",\"width\":512,\"height\":342,\"caption\":\"Kontakta Koching - Mikael Laweby\"},{\"@type\":\"BreadcrumbList\",\"@id\":\"https:\\\/\\\/www.koching.se\\\/?page_id=254#breadcrumb\",\"itemListElement\":[{\"@type\":\"ListItem\",\"position\":1,\"name\":\"Hem\",\"item\":\"https:\\\/\\\/www.koching.se\\\/\"},{\"@type\":\"ListItem\",\"position\":2,\"name\":\"Kontakta Koching\"}]},{\"@type\":\"WebSite\",\"@id\":\"https:\\\/\\\/www.koching.se\\\/#website\",\"url\":\"https:\\\/\\\/www.koching.se\\\/\",\"name\":\"Koching AB\",\"description\":\"\",\"publisher\":{\"@id\":\"https:\\\/\\\/www.koching.se\\\/#organization\"},\"potentialAction\":[{\"@type\":\"SearchAction\",\"target\":{\"@type\":\"EntryPoint\",\"urlTemplate\":\"https:\\\/\\\/www.koching.se\\\/?s={search_term_string}\"},\"query-input\":{\"@type\":\"PropertyValueSpecification\",\"valueRequired\":true,\"valueName\":\"search_term_string\"}}],\"inLanguage\":\"sv-SE\"},{\"@type\":\"Organization\",\"@id\":\"https:\\\/\\\/www.koching.se\\\/#organization\",\"name\":\"Koching AB\",\"url\":\"https:\\\/\\\/www.koching.se\\\/\",\"logo\":{\"@type\":\"ImageObject\",\"inLanguage\":\"sv-SE\",\"@id\":\"https:\\\/\\\/www.koching.se\\\/#\\\/schema\\\/logo\\\/image\\\/\",\"url\":\"https:\\\/\\\/www.koching.se\\\/wp-content\\\/uploads\\\/2023\\\/07\\\/site_logo.png\",\"contentUrl\":\"https:\\\/\\\/www.koching.se\\\/wp-content\\\/uploads\\\/2023\\\/07\\\/site_logo.png\",\"width\":1200,\"height\":352,\"caption\":\"Koching AB\"},\"image\":{\"@id\":\"https:\\\/\\\/www.koching.se\\\/#\\\/schema\\\/logo\\\/image\\\/\"},\"sameAs\":[\"https:\\\/\\\/www.facebook.com\\\/koching.4.personlig.utveckling\",\"https:\\\/\\\/www.linkedin.com\\\/company\\\/koching-ab\"]}]}<\/script>\n<!-- \/ Yoast SEO plugin. -->","yoast_head_json":{"title":"Kontakta Koching - Koching","description":"Kontakta Koching - Jag hj\u00e4lper dig med att du ska n\u00e5 dina personliga m\u00e5l med coaching, individuellt eller i grupp.","robots":{"index":"index","follow":"follow","max-snippet":"max-snippet:-1","max-image-preview":"max-image-preview:large","max-video-preview":"max-video-preview:-1"},"canonical":"https:\/\/www.koching.se\/?page_id=254","og_locale":"sv_SE","og_type":"article","og_title":"Kontakta Koching - Koching","og_description":"Kontakta Koching - Jag hj\u00e4lper dig med att du ska n\u00e5 dina personliga m\u00e5l med coaching, individuellt eller i grupp.","og_url":"https:\/\/www.koching.se\/?page_id=254","og_site_name":"Koching","article_publisher":"https:\/\/www.facebook.com\/koching.4.personlig.utveckling","article_modified_time":"2025-05-27T12:06:14+00:00","og_image":[{"url":"https:\/\/www.koching.se\/wp-content\/uploads\/2023\/07\/mik-img_9716.jpg","type":"","width":"","height":""}],"twitter_card":"summary_large_image","schema":{"@context":"https:\/\/schema.org","@graph":[{"@type":"WebPage","@id":"https:\/\/www.koching.se\/?page_id=254","url":"https:\/\/www.koching.se\/?page_id=254","name":"Kontakta Koching - Koching","isPartOf":{"@id":"https:\/\/www.koching.se\/#website"},"primaryImageOfPage":{"@id":"https:\/\/www.koching.se\/?page_id=254#primaryimage"},"image":{"@id":"https:\/\/www.koching.se\/?page_id=254#primaryimage"},"thumbnailUrl":"https:\/\/www.koching.se\/wp-content\/uploads\/2023\/07\/mik-img_9716.jpg","datePublished":"2023-07-09T12:46:03+00:00","dateModified":"2025-05-27T12:06:14+00:00","description":"Kontakta Koching - Jag hj\u00e4lper dig med att du ska n\u00e5 dina personliga m\u00e5l med coaching, individuellt eller i grupp.","breadcrumb":{"@id":"https:\/\/www.koching.se\/?page_id=254#breadcrumb"},"inLanguage":"sv-SE","potentialAction":[{"@type":"ReadAction","target":["https:\/\/www.koching.se\/?page_id=254"]}]},{"@type":"ImageObject","inLanguage":"sv-SE","@id":"https:\/\/www.koching.se\/?page_id=254#primaryimage","url":"https:\/\/www.koching.se\/wp-content\/uploads\/2023\/07\/mik-img_9716.jpg","contentUrl":"https:\/\/www.koching.se\/wp-content\/uploads\/2023\/07\/mik-img_9716.jpg","width":512,"height":342,"caption":"Kontakta Koching - Mikael Laweby"},{"@type":"BreadcrumbList","@id":"https:\/\/www.koching.se\/?page_id=254#breadcrumb","itemListElement":[{"@type":"ListItem","position":1,"name":"Hem","item":"https:\/\/www.koching.se\/"},{"@type":"ListItem","position":2,"name":"Kontakta Koching"}]},{"@type":"WebSite","@id":"https:\/\/www.koching.se\/#website","url":"https:\/\/www.koching.se\/","name":"Koching AB","description":"","publisher":{"@id":"https:\/\/www.koching.se\/#organization"},"potentialAction":[{"@type":"SearchAction","target":{"@type":"EntryPoint","urlTemplate":"https:\/\/www.koching.se\/?s={search_term_string}"},"query-input":{"@type":"PropertyValueSpecification","valueRequired":true,"valueName":"search_term_string"}}],"inLanguage":"sv-SE"},{"@type":"Organization","@id":"https:\/\/www.koching.se\/#organization","name":"Koching AB","url":"https:\/\/www.koching.se\/","logo":{"@type":"ImageObject","inLanguage":"sv-SE","@id":"https:\/\/www.koching.se\/#\/schema\/logo\/image\/","url":"https:\/\/www.koching.se\/wp-content\/uploads\/2023\/07\/site_logo.png","contentUrl":"https:\/\/www.koching.se\/wp-content\/uploads\/2023\/07\/site_logo.png","width":1200,"height":352,"caption":"Koching AB"},"image":{"@id":"https:\/\/www.koching.se\/#\/schema\/logo\/image\/"},"sameAs":["https:\/\/www.facebook.com\/koching.4.personlig.utveckling","https:\/\/www.linkedin.com\/company\/koching-ab"]}]}},"_links":{"self":[{"href":"https:\/\/www.koching.se\/index.php?rest_route=\/wp\/v2\/pages\/254","targetHints":{"allow":["GET"]}}],"collection":[{"href":"https:\/\/www.koching.se\/index.php?rest_route=\/wp\/v2\/pages"}],"about":[{"href":"https:\/\/www.koching.se\/index.php?rest_route=\/wp\/v2\/types\/page"}],"author":[{"embeddable":true,"href":"https:\/\/www.koching.se\/index.php?rest_route=\/wp\/v2\/users\/1"}],"replies":[{"embeddable":true,"href":"https:\/\/www.koching.se\/index.php?rest_route=%2Fwp%2Fv2%2Fcomments&post=254"}],"version-history":[{"count":89,"href":"https:\/\/www.koching.se\/index.php?rest_route=\/wp\/v2\/pages\/254\/revisions"}],"predecessor-version":[{"id":1599,"href":"https:\/\/www.koching.se\/index.php?rest_route=\/wp\/v2\/pages\/254\/revisions\/1599"}],"wp:attachment":[{"href":"https:\/\/www.koching.se\/index.php?rest_route=%2Fwp%2Fv2%2Fmedia&parent=254"}],"curies":[{"name":"wp","href":"https:\/\/api.w.org\/{rel}","templated":true}]}}