{"id":1625,"date":"2025-10-24T08:50:50","date_gmt":"2025-10-24T06:50:50","guid":{"rendered":"https:\/\/www.koching.se\/?page_id=1625"},"modified":"2025-10-24T17:01:08","modified_gmt":"2025-10-24T15:01:08","slug":"varukorg","status":"publish","type":"page","link":"https:\/\/www.koching.se\/?page_id=1625","title":{"rendered":"Varukorg"},"content":{"rendered":"\n<div data-block-name=\"woocommerce\/cart\" class=\"wp-block-woocommerce-cart alignwide is-loading\">\n<div data-block-name=\"woocommerce\/filled-cart-block\" class=\"wp-block-woocommerce-filled-cart-block\">\n<div data-block-name=\"woocommerce\/cart-items-block\" class=\"wp-block-woocommerce-cart-items-block\">\n<div data-block-name=\"woocommerce\/cart-line-items-block\" class=\"wp-block-woocommerce-cart-line-items-block\"><\/div>\n\n\n<\/div>\n\n\n\n\n<div data-block-name=\"woocommerce\/cart-totals-block\" class=\"wp-block-woocommerce-cart-totals-block\">\n<div data-block-name=\"woocommerce\/cart-order-summary-block\" class=\"wp-block-woocommerce-cart-order-summary-block\">\n<div data-block-name=\"woocommerce\/cart-order-summary-heading-block\" class=\"wp-block-woocommerce-cart-order-summary-heading-block\"><\/div><div data-block-name=\"woocommerce\/cart-order-summary-coupon-form-block\" class=\"wp-block-woocommerce-cart-order-summary-coupon-form-block\"><\/div><div data-block-name=\"woocommerce\/cart-order-summary-totals-block\" class=\"wp-block-woocommerce-cart-order-summary-totals-block\">\n<div data-block-name=\"woocommerce\/cart-order-summary-subtotal-block\" class=\"wp-block-woocommerce-cart-order-summary-subtotal-block\"><\/div>\n<div data-block-name=\"woocommerce\/cart-order-summary-discount-block\" class=\"wp-block-woocommerce-cart-order-summary-discount-block\"><\/div>\n<div data-block-name=\"woocommerce\/cart-order-summary-fee-block\" class=\"wp-block-woocommerce-cart-order-summary-fee-block\"><\/div>\n<div data-block-name=\"woocommerce\/cart-order-summary-shipping-block\" class=\"wp-block-woocommerce-cart-order-summary-shipping-block\"><\/div>\n<div data-block-name=\"woocommerce\/cart-order-summary-taxes-block\" class=\"wp-block-woocommerce-cart-order-summary-taxes-block\"><\/div><\/div>\n<\/div>\n\n\n\n<div data-block-name=\"woocommerce\/cart-express-payment-block\" class=\"wp-block-woocommerce-cart-express-payment-block\"><\/div>\n\n\n\n<div data-block-name=\"woocommerce\/proceed-to-checkout-block\" class=\"wp-block-woocommerce-proceed-to-checkout-block\"><\/div>\n\n\n\n<div data-block-name=\"woocommerce\/cart-accepted-payment-methods-block\" class=\"wp-block-woocommerce-cart-accepted-payment-methods-block\"><\/div>\n<\/div>\n<\/div>\n\n\n\n<div data-block-name=\"woocommerce\/empty-cart-block\" class=\"wp-block-woocommerce-empty-cart-block\">\n<h2 class=\"wp-block-heading has-text-align-center with-empty-cart-icon wc-block-cart__empty-cart__title\">Din varukorg \u00e4r f\u00f6r n\u00e4rvarande tom!<\/h2>\n\n\n\n<hr class=\"wp-block-separator has-alpha-channel-opacity is-style-dots\"\/>\n\n\n\n<h2 class=\"wp-block-heading has-text-align-center\">Nytt i butik<\/h2>\n\n\n<div data-block-name=\"woocommerce\/product-new\" data-columns=\"4\" data-rows=\"1\" class=\"wc-block-grid wp-block-product-new wp-block-woocommerce-product-new wc-block-product-new has-4-columns\"><ul class=\"wc-block-grid__products\"><li class=\"wc-block-grid__product\">\n\t\t\t\t<a href=\"https:\/\/www.koching.se\/?product=att-leda-fran-insikt-till-handling\" class=\"wc-block-grid__product-link\">\n\t\t\t\t\t\n\t\t\t\t\t<div class=\"wc-block-grid__product-image\"><img fetchpriority=\"high\" decoding=\"async\" width=\"300\" height=\"300\" src=\"https:\/\/www.koching.se\/wp-content\/uploads\/2025\/10\/Att-leda-insight-300x300.webp\" class=\"attachment-woocommerce_thumbnail size-woocommerce_thumbnail\" alt=\"Att leda - Fr\u00e5n insikt till handling\" srcset=\"https:\/\/www.koching.se\/wp-content\/uploads\/2025\/10\/Att-leda-insight-300x300.webp 300w, https:\/\/www.koching.se\/wp-content\/uploads\/2025\/10\/Att-leda-insight-150x150.webp 150w, https:\/\/www.koching.se\/wp-content\/uploads\/2025\/10\/Att-leda-insight-100x100.webp 100w\" sizes=\"(max-width: 300px) 100vw, 300px\" \/><\/div>\n\t\t\t\t\t<div class=\"wc-block-grid__product-title\">Att leda &#8211; Fr\u00e5n insikt till handling<\/div>\n\t\t\t\t<\/a>\n\t\t\t\t<div class=\"wc-block-grid__product-price price\"><span class=\"woocommerce-Price-amount amount\">259,00&nbsp;<span class=\"woocommerce-Price-currencySymbol\">&#107;&#114;<\/span><\/span><\/div>\n\t\t\t\t\n\t\t\t\t<div class=\"wp-block-button wc-block-grid__product-add-to-cart\"><a href=\"\/index.php?rest_route=%2Fwp%2Fv2%2Fpages%2F1625&#038;add-to-cart=1681\" aria-label=\"L\u00e4gg till i varukorgen: \u201dAtt leda - Fr\u00e5n insikt till handling\u201d\" data-quantity=\"1\" data-product_id=\"1681\" data-product_sku=\"\" data-price=\"259\" rel=\"nofollow\" class=\"wp-block-button__link  add_to_cart_button ajax_add_to_cart\">L\u00e4gg till i varukorg<\/a><\/div>\n\t\t\t<\/li><\/ul><\/div><\/div>\n<\/div>\n","protected":false},"excerpt":{"rendered":"","protected":false},"author":1,"featured_media":0,"parent":0,"menu_order":0,"comment_status":"closed","ping_status":"closed","template":"","meta":{"footnotes":""},"class_list":["post-1625","page","type-page","status-publish","hentry"],"yoast_head":"<!-- This site is optimized with the Yoast SEO plugin v27.3 - https:\/\/yoast.com\/product\/yoast-seo-wordpress\/ -->\n<title>Varukorg - Koching<\/title>\n<meta name=\"robots\" content=\"index, follow, max-snippet:-1, max-image-preview:large, max-video-preview:-1\" \/>\n<link rel=\"canonical\" href=\"https:\/\/www.koching.se\/?page_id=1625\" \/>\n<meta property=\"og:locale\" content=\"sv_SE\" \/>\n<meta property=\"og:type\" content=\"article\" \/>\n<meta property=\"og:title\" content=\"Varukorg - Koching\" \/>\n<meta property=\"og:url\" content=\"https:\/\/www.koching.se\/?page_id=1625\" \/>\n<meta property=\"og:site_name\" content=\"Koching\" \/>\n<meta property=\"article:publisher\" content=\"https:\/\/www.facebook.com\/koching.4.personlig.utveckling\" \/>\n<meta property=\"article:modified_time\" content=\"2025-10-24T15:01:08+00:00\" \/>\n<meta name=\"twitter:card\" content=\"summary_large_image\" \/>\n<script type=\"application\/ld+json\" class=\"yoast-schema-graph\">{\"@context\":\"https:\\\/\\\/schema.org\",\"@graph\":[{\"@type\":\"WebPage\",\"@id\":\"https:\\\/\\\/www.koching.se\\\/?page_id=1625\",\"url\":\"https:\\\/\\\/www.koching.se\\\/?page_id=1625\",\"name\":\"Varukorg - Koching\",\"isPartOf\":{\"@id\":\"https:\\\/\\\/www.koching.se\\\/#website\"},\"datePublished\":\"2025-10-24T06:50:50+00:00\",\"dateModified\":\"2025-10-24T15:01:08+00:00\",\"breadcrumb\":{\"@id\":\"https:\\\/\\\/www.koching.se\\\/?page_id=1625#breadcrumb\"},\"inLanguage\":\"sv-SE\",\"potentialAction\":[{\"@type\":\"ReadAction\",\"target\":[\"https:\\\/\\\/www.koching.se\\\/?page_id=1625\"]}]},{\"@type\":\"BreadcrumbList\",\"@id\":\"https:\\\/\\\/www.koching.se\\\/?page_id=1625#breadcrumb\",\"itemListElement\":[{\"@type\":\"ListItem\",\"position\":1,\"name\":\"Hem\",\"item\":\"https:\\\/\\\/www.koching.se\\\/\"},{\"@type\":\"ListItem\",\"position\":2,\"name\":\"Varukorg\"}]},{\"@type\":\"WebSite\",\"@id\":\"https:\\\/\\\/www.koching.se\\\/#website\",\"url\":\"https:\\\/\\\/www.koching.se\\\/\",\"name\":\"Koching AB\",\"description\":\"\",\"publisher\":{\"@id\":\"https:\\\/\\\/www.koching.se\\\/#organization\"},\"potentialAction\":[{\"@type\":\"SearchAction\",\"target\":{\"@type\":\"EntryPoint\",\"urlTemplate\":\"https:\\\/\\\/www.koching.se\\\/?s={search_term_string}\"},\"query-input\":{\"@type\":\"PropertyValueSpecification\",\"valueRequired\":true,\"valueName\":\"search_term_string\"}}],\"inLanguage\":\"sv-SE\"},{\"@type\":\"Organization\",\"@id\":\"https:\\\/\\\/www.koching.se\\\/#organization\",\"name\":\"Koching AB\",\"url\":\"https:\\\/\\\/www.koching.se\\\/\",\"logo\":{\"@type\":\"ImageObject\",\"inLanguage\":\"sv-SE\",\"@id\":\"https:\\\/\\\/www.koching.se\\\/#\\\/schema\\\/logo\\\/image\\\/\",\"url\":\"https:\\\/\\\/www.koching.se\\\/wp-content\\\/uploads\\\/2023\\\/07\\\/site_logo.png\",\"contentUrl\":\"https:\\\/\\\/www.koching.se\\\/wp-content\\\/uploads\\\/2023\\\/07\\\/site_logo.png\",\"width\":1200,\"height\":352,\"caption\":\"Koching AB\"},\"image\":{\"@id\":\"https:\\\/\\\/www.koching.se\\\/#\\\/schema\\\/logo\\\/image\\\/\"},\"sameAs\":[\"https:\\\/\\\/www.facebook.com\\\/koching.4.personlig.utveckling\",\"https:\\\/\\\/www.linkedin.com\\\/company\\\/koching-ab\"]}]}<\/script>\n<!-- \/ Yoast SEO plugin. -->","yoast_head_json":{"title":"Varukorg - Koching","robots":{"index":"index","follow":"follow","max-snippet":"max-snippet:-1","max-image-preview":"max-image-preview:large","max-video-preview":"max-video-preview:-1"},"canonical":"https:\/\/www.koching.se\/?page_id=1625","og_locale":"sv_SE","og_type":"article","og_title":"Varukorg - Koching","og_url":"https:\/\/www.koching.se\/?page_id=1625","og_site_name":"Koching","article_publisher":"https:\/\/www.facebook.com\/koching.4.personlig.utveckling","article_modified_time":"2025-10-24T15:01:08+00:00","twitter_card":"summary_large_image","schema":{"@context":"https:\/\/schema.org","@graph":[{"@type":"WebPage","@id":"https:\/\/www.koching.se\/?page_id=1625","url":"https:\/\/www.koching.se\/?page_id=1625","name":"Varukorg - Koching","isPartOf":{"@id":"https:\/\/www.koching.se\/#website"},"datePublished":"2025-10-24T06:50:50+00:00","dateModified":"2025-10-24T15:01:08+00:00","breadcrumb":{"@id":"https:\/\/www.koching.se\/?page_id=1625#breadcrumb"},"inLanguage":"sv-SE","potentialAction":[{"@type":"ReadAction","target":["https:\/\/www.koching.se\/?page_id=1625"]}]},{"@type":"BreadcrumbList","@id":"https:\/\/www.koching.se\/?page_id=1625#breadcrumb","itemListElement":[{"@type":"ListItem","position":1,"name":"Hem","item":"https:\/\/www.koching.se\/"},{"@type":"ListItem","position":2,"name":"Varukorg"}]},{"@type":"WebSite","@id":"https:\/\/www.koching.se\/#website","url":"https:\/\/www.koching.se\/","name":"Koching AB","description":"","publisher":{"@id":"https:\/\/www.koching.se\/#organization"},"potentialAction":[{"@type":"SearchAction","target":{"@type":"EntryPoint","urlTemplate":"https:\/\/www.koching.se\/?s={search_term_string}"},"query-input":{"@type":"PropertyValueSpecification","valueRequired":true,"valueName":"search_term_string"}}],"inLanguage":"sv-SE"},{"@type":"Organization","@id":"https:\/\/www.koching.se\/#organization","name":"Koching AB","url":"https:\/\/www.koching.se\/","logo":{"@type":"ImageObject","inLanguage":"sv-SE","@id":"https:\/\/www.koching.se\/#\/schema\/logo\/image\/","url":"https:\/\/www.koching.se\/wp-content\/uploads\/2023\/07\/site_logo.png","contentUrl":"https:\/\/www.koching.se\/wp-content\/uploads\/2023\/07\/site_logo.png","width":1200,"height":352,"caption":"Koching AB"},"image":{"@id":"https:\/\/www.koching.se\/#\/schema\/logo\/image\/"},"sameAs":["https:\/\/www.facebook.com\/koching.4.personlig.utveckling","https:\/\/www.linkedin.com\/company\/koching-ab"]}]}},"_links":{"self":[{"href":"https:\/\/www.koching.se\/index.php?rest_route=\/wp\/v2\/pages\/1625","targetHints":{"allow":["GET"]}}],"collection":[{"href":"https:\/\/www.koching.se\/index.php?rest_route=\/wp\/v2\/pages"}],"about":[{"href":"https:\/\/www.koching.se\/index.php?rest_route=\/wp\/v2\/types\/page"}],"author":[{"embeddable":true,"href":"https:\/\/www.koching.se\/index.php?rest_route=\/wp\/v2\/users\/1"}],"replies":[{"embeddable":true,"href":"https:\/\/www.koching.se\/index.php?rest_route=%2Fwp%2Fv2%2Fcomments&post=1625"}],"version-history":[{"count":1,"href":"https:\/\/www.koching.se\/index.php?rest_route=\/wp\/v2\/pages\/1625\/revisions"}],"predecessor-version":[{"id":1693,"href":"https:\/\/www.koching.se\/index.php?rest_route=\/wp\/v2\/pages\/1625\/revisions\/1693"}],"wp:attachment":[{"href":"https:\/\/www.koching.se\/index.php?rest_route=%2Fwp%2Fv2%2Fmedia&parent=1625"}],"curies":[{"name":"wp","href":"https:\/\/api.w.org\/{rel}","templated":true}]}}